{"id":127,"date":"2021-01-11T11:38:39","date_gmt":"2021-01-11T10:38:39","guid":{"rendered":"http:\/\/kancelariamusialski.pl\/?page_id=127"},"modified":"2021-01-11T11:57:04","modified_gmt":"2021-01-11T10:57:04","slug":"kontakt","status":"publish","type":"page","link":"https:\/\/kancelariamusialski.pl\/index.php\/kontakt\/","title":{"rendered":""},"content":{"rendered":"\t\t<div data-elementor-type=\"wp-page\" data-elementor-id=\"127\" class=\"elementor elementor-127\" data-elementor-settings=\"[]\">\n\t\t\t\t\t\t<div class=\"elementor-inner\">\n\t\t\t\t\t\t\t<div class=\"elementor-section-wrap\">\n\t\t\t\t\t\t\t<section class=\"elementor-section elementor-top-section elementor-element elementor-element-67b81a3 elementor-section-boxed elementor-section-height-default elementor-section-height-default\" data-id=\"67b81a3\" data-element_type=\"section\">\n\t\t\t\t\t\t<div class=\"elementor-container elementor-column-gap-default\">\n\t\t\t\t\t\t\t<div class=\"elementor-row\">\n\t\t\t\t\t<div class=\"elementor-column elementor-col-100 elementor-top-column elementor-element elementor-element-4d01f45\" data-id=\"4d01f45\" data-element_type=\"column\">\n\t\t\t<div class=\"elementor-column-wrap elementor-element-populated\">\n\t\t\t\t\t\t\t<div class=\"elementor-widget-wrap\">\n\t\t\t\t\t\t<div class=\"elementor-element elementor-element-63aa769 elementor-widget elementor-widget-image\" data-id=\"63aa769\" data-element_type=\"widget\" data-widget_type=\"image.default\">\n\t\t\t\t<div class=\"elementor-widget-container\">\n\t\t\t\t\t\t\t\t<div class=\"elementor-image\">\n\t\t\t\t\t\t\t\t\t\t\t\t<img loading=\"lazy\" decoding=\"async\" width=\"1089\" height=\"214\" src=\"https:\/\/kancelariamusialski.pl\/wp-content\/uploads\/2020\/11\/logopng1.png\" class=\"attachment-full size-full\" alt=\"\" \/>\t\t\t\t\t\t\t\t\t\t\t\t\t\t<\/div>\n\t\t\t\t\t\t<\/div>\n\t\t\t\t<\/div>\n\t\t\t\t\t\t<\/div>\n\t\t\t\t\t<\/div>\n\t\t<\/div>\n\t\t\t\t\t\t\t\t<\/div>\n\t\t\t\t\t<\/div>\n\t\t<\/section>\n\t\t\t\t<section class=\"elementor-section elementor-top-section elementor-element elementor-element-05108ee elementor-section-boxed elementor-section-height-default elementor-section-height-default\" data-id=\"05108ee\" data-element_type=\"section\">\n\t\t\t\t\t\t<div class=\"elementor-container elementor-column-gap-default\">\n\t\t\t\t\t\t\t<div class=\"elementor-row\">\n\t\t\t\t\t<div class=\"elementor-column elementor-col-100 elementor-top-column elementor-element elementor-element-e22e417\" data-id=\"e22e417\" data-element_type=\"column\">\n\t\t\t<div class=\"elementor-column-wrap elementor-element-populated\">\n\t\t\t\t\t\t\t<div class=\"elementor-widget-wrap\">\n\t\t\t\t\t\t<div class=\"elementor-element elementor-element-e4420c0 elementor-widget elementor-widget-heading\" data-id=\"e4420c0\" data-element_type=\"widget\" data-widget_type=\"heading.default\">\n\t\t\t\t<div class=\"elementor-widget-container\">\n\t\t\t<h4 class=\"elementor-heading-title elementor-size-default\">Formularz kontaktowy:<\/h4>\t\t<\/div>\n\t\t\t\t<\/div>\n\t\t\t\t\t\t<\/div>\n\t\t\t\t\t<\/div>\n\t\t<\/div>\n\t\t\t\t\t\t\t\t<\/div>\n\t\t\t\t\t<\/div>\n\t\t<\/section>\n\t\t\t\t<section class=\"elementor-section elementor-top-section elementor-element elementor-element-63e2a8a elementor-section-boxed elementor-section-height-default elementor-section-height-default\" data-id=\"63e2a8a\" data-element_type=\"section\">\n\t\t\t\t\t\t<div class=\"elementor-container elementor-column-gap-default\">\n\t\t\t\t\t\t\t<div class=\"elementor-row\">\n\t\t\t\t\t<div class=\"elementor-column elementor-col-100 elementor-top-column elementor-element elementor-element-36759b4\" data-id=\"36759b4\" data-element_type=\"column\">\n\t\t\t<div class=\"elementor-column-wrap elementor-element-populated\">\n\t\t\t\t\t\t\t<div class=\"elementor-widget-wrap\">\n\t\t\t\t\t\t<div class=\"elementor-element elementor-element-ae0763f elementor-widget elementor-widget-shortcode\" data-id=\"ae0763f\" data-element_type=\"widget\" data-widget_type=\"shortcode.default\">\n\t\t\t\t<div class=\"elementor-widget-container\">\n\t\t\t\t\t<div class=\"elementor-shortcode\"><div class=\"wpforms-container wpforms-container-full\" id=\"wpforms-130\"><form id=\"wpforms-form-130\" class=\"wpforms-validate wpforms-form\" data-formid=\"130\" method=\"post\" enctype=\"multipart\/form-data\" action=\"\/index.php\/wp-json\/wp\/v2\/pages\/127\" data-token=\"aca8f99f198369297ba3daf8ddf885d2\"><noscript class=\"wpforms-error-noscript\">Please enable JavaScript in your browser to complete this form.<\/noscript><div class=\"wpforms-field-container\"><div id=\"wpforms-130-field_0-container\" class=\"wpforms-field wpforms-field-name\" data-field-id=\"0\"><label class=\"wpforms-field-label\" for=\"wpforms-130-field_0\">Imi\u0119 i Nazwisko <span class=\"wpforms-required-label\">*<\/span><\/label><input type=\"text\" id=\"wpforms-130-field_0\" class=\"wpforms-field-medium wpforms-field-required\" name=\"wpforms[fields][0]\" required><\/div><div id=\"wpforms-130-field_1-container\" class=\"wpforms-field wpforms-field-email\" data-field-id=\"1\"><label class=\"wpforms-field-label\" for=\"wpforms-130-field_1\">Adres email <span class=\"wpforms-required-label\">*<\/span><\/label><input type=\"email\" id=\"wpforms-130-field_1\" class=\"wpforms-field-medium wpforms-field-required\" name=\"wpforms[fields][1]\" required><\/div><div id=\"wpforms-130-field_2-container\" class=\"wpforms-field wpforms-field-textarea\" data-field-id=\"2\"><label class=\"wpforms-field-label\" for=\"wpforms-130-field_2\">Wiadomo\u015b\u0107 <span class=\"wpforms-required-label\">*<\/span><\/label><textarea id=\"wpforms-130-field_2\" class=\"wpforms-field-medium wpforms-field-required\" name=\"wpforms[fields][2]\" required><\/textarea><\/div><\/div><input type=\"hidden\" name=\"wpforms[recaptcha]\" value=\"\"><div class=\"wpforms-submit-container\" ><input type=\"hidden\" name=\"wpforms[id]\" value=\"130\"><input type=\"hidden\" name=\"wpforms[author]\" value=\"1\"><button type=\"submit\" name=\"wpforms[submit]\" class=\"wpforms-submit \" id=\"wpforms-submit-130\" value=\"wpforms-submit\" aria-live=\"assertive\" data-alt-text=\"Wysy\u0142anie ...\" data-submit-text=\"Wy\u015blij wiadomo\u015b\u0107\">Wy\u015blij wiadomo\u015b\u0107<\/button><\/div><\/form><\/div>  <!-- .wpforms-container --><\/div>\n\t\t\t\t<\/div>\n\t\t\t\t<\/div>\n\t\t\t\t\t\t<\/div>\n\t\t\t\t\t<\/div>\n\t\t<\/div>\n\t\t\t\t\t\t\t\t<\/div>\n\t\t\t\t\t<\/div>\n\t\t<\/section>\n\t\t\t\t\t\t<\/div>\n\t\t\t\t\t\t<\/div>\n\t\t\t\t\t<\/div>\n\t\t","protected":false},"excerpt":{"rendered":"<p>Formularz kontaktowy:<\/p>\n","protected":false},"author":1,"featured_media":0,"parent":0,"menu_order":0,"comment_status":"closed","ping_status":"closed","template":"elementor_header_footer","meta":{"footnotes":""},"class_list":["post-127","page","type-page","status-publish","hentry"],"yoast_head":"<!-- This site is optimized with the Yoast SEO plugin v17.0 - https:\/\/yoast.com\/wordpress\/plugins\/seo\/ -->\n<title>| Radca Prawny Pawe\u0142 Musialski<\/title>\n<meta name=\"robots\" content=\"index, follow, max-snippet:-1, max-image-preview:large, max-video-preview:-1\" \/>\n<link rel=\"canonical\" href=\"https:\/\/kancelariamusialski.pl\/index.php\/kontakt\/\" \/>\n<meta property=\"og:locale\" content=\"pl_PL\" \/>\n<meta property=\"og:type\" content=\"article\" \/>\n<meta property=\"og:title\" content=\"| Radca Prawny Pawe\u0142 Musialski\" \/>\n<meta property=\"og:description\" content=\"Formularz kontaktowy:\" \/>\n<meta property=\"og:url\" content=\"https:\/\/kancelariamusialski.pl\/index.php\/kontakt\/\" \/>\n<meta property=\"og:site_name\" content=\"Radca Prawny Pawe\u0142 Musialski\" \/>\n<meta property=\"article:modified_time\" content=\"2021-01-11T10:57:04+00:00\" \/>\n<meta property=\"og:image\" content=\"http:\/\/kancelariamusialski.pl\/wp-content\/uploads\/2020\/11\/logopng1.png\" \/>\n<meta name=\"twitter:card\" content=\"summary_large_image\" \/>\n<script type=\"application\/ld+json\" class=\"yoast-schema-graph\">{\"@context\":\"https:\/\/schema.org\",\"@graph\":[{\"@type\":\"Organization\",\"@id\":\"https:\/\/kancelariamusialski.pl\/#organization\",\"name\":\"Kancelaria Musialski\",\"url\":\"https:\/\/kancelariamusialski.pl\/\",\"sameAs\":[],\"logo\":{\"@type\":\"ImageObject\",\"@id\":\"https:\/\/kancelariamusialski.pl\/#logo\",\"inLanguage\":\"pl-PL\",\"url\":\"http:\/\/kancelariamusialski.pl\/wp-content\/uploads\/2020\/11\/na-strone-ikonka1.jpg\",\"contentUrl\":\"http:\/\/kancelariamusialski.pl\/wp-content\/uploads\/2020\/11\/na-strone-ikonka1.jpg\",\"width\":100,\"height\":115,\"caption\":\"Kancelaria Musialski\"},\"image\":{\"@id\":\"https:\/\/kancelariamusialski.pl\/#logo\"}},{\"@type\":\"WebSite\",\"@id\":\"https:\/\/kancelariamusialski.pl\/#website\",\"url\":\"https:\/\/kancelariamusialski.pl\/\",\"name\":\"Radca Prawny Pawe\\u0142 Musialski\",\"description\":\"Sprawdzony radca prawny w Opolu\",\"publisher\":{\"@id\":\"https:\/\/kancelariamusialski.pl\/#organization\"},\"potentialAction\":[{\"@type\":\"SearchAction\",\"target\":{\"@type\":\"EntryPoint\",\"urlTemplate\":\"https:\/\/kancelariamusialski.pl\/?s={search_term_string}\"},\"query-input\":\"required name=search_term_string\"}],\"inLanguage\":\"pl-PL\"},{\"@type\":\"ImageObject\",\"@id\":\"https:\/\/kancelariamusialski.pl\/index.php\/kontakt\/#primaryimage\",\"inLanguage\":\"pl-PL\",\"url\":\"http:\/\/kancelariamusialski.pl\/wp-content\/uploads\/2020\/11\/logopng1.png\",\"contentUrl\":\"http:\/\/kancelariamusialski.pl\/wp-content\/uploads\/2020\/11\/logopng1.png\"},{\"@type\":\"WebPage\",\"@id\":\"https:\/\/kancelariamusialski.pl\/index.php\/kontakt\/#webpage\",\"url\":\"https:\/\/kancelariamusialski.pl\/index.php\/kontakt\/\",\"name\":\"| Radca Prawny Pawe\\u0142 Musialski\",\"isPartOf\":{\"@id\":\"https:\/\/kancelariamusialski.pl\/#website\"},\"primaryImageOfPage\":{\"@id\":\"https:\/\/kancelariamusialski.pl\/index.php\/kontakt\/#primaryimage\"},\"datePublished\":\"2021-01-11T10:38:39+00:00\",\"dateModified\":\"2021-01-11T10:57:04+00:00\",\"breadcrumb\":{\"@id\":\"https:\/\/kancelariamusialski.pl\/index.php\/kontakt\/#breadcrumb\"},\"inLanguage\":\"pl-PL\",\"potentialAction\":[{\"@type\":\"ReadAction\",\"target\":[\"https:\/\/kancelariamusialski.pl\/index.php\/kontakt\/\"]}]},{\"@type\":\"BreadcrumbList\",\"@id\":\"https:\/\/kancelariamusialski.pl\/index.php\/kontakt\/#breadcrumb\",\"itemListElement\":[{\"@type\":\"ListItem\",\"position\":1,\"name\":\"Strona g\\u0142\\u00f3wna\",\"item\":\"https:\/\/kancelariamusialski.pl\/\"},{\"@type\":\"ListItem\",\"position\":2,\"name\":\"\"}]}]}<\/script>\n<!-- \/ Yoast SEO plugin. -->","yoast_head_json":{"title":"| Radca Prawny Pawe\u0142 Musialski","robots":{"index":"index","follow":"follow","max-snippet":"max-snippet:-1","max-image-preview":"max-image-preview:large","max-video-preview":"max-video-preview:-1"},"canonical":"https:\/\/kancelariamusialski.pl\/index.php\/kontakt\/","og_locale":"pl_PL","og_type":"article","og_title":"| Radca Prawny Pawe\u0142 Musialski","og_description":"Formularz kontaktowy:","og_url":"https:\/\/kancelariamusialski.pl\/index.php\/kontakt\/","og_site_name":"Radca Prawny Pawe\u0142 Musialski","article_modified_time":"2021-01-11T10:57:04+00:00","og_image":[{"url":"http:\/\/kancelariamusialski.pl\/wp-content\/uploads\/2020\/11\/logopng1.png"}],"twitter_card":"summary_large_image","schema":{"@context":"https:\/\/schema.org","@graph":[{"@type":"Organization","@id":"https:\/\/kancelariamusialski.pl\/#organization","name":"Kancelaria Musialski","url":"https:\/\/kancelariamusialski.pl\/","sameAs":[],"logo":{"@type":"ImageObject","@id":"https:\/\/kancelariamusialski.pl\/#logo","inLanguage":"pl-PL","url":"http:\/\/kancelariamusialski.pl\/wp-content\/uploads\/2020\/11\/na-strone-ikonka1.jpg","contentUrl":"http:\/\/kancelariamusialski.pl\/wp-content\/uploads\/2020\/11\/na-strone-ikonka1.jpg","width":100,"height":115,"caption":"Kancelaria Musialski"},"image":{"@id":"https:\/\/kancelariamusialski.pl\/#logo"}},{"@type":"WebSite","@id":"https:\/\/kancelariamusialski.pl\/#website","url":"https:\/\/kancelariamusialski.pl\/","name":"Radca Prawny Pawe\u0142 Musialski","description":"Sprawdzony radca prawny w Opolu","publisher":{"@id":"https:\/\/kancelariamusialski.pl\/#organization"},"potentialAction":[{"@type":"SearchAction","target":{"@type":"EntryPoint","urlTemplate":"https:\/\/kancelariamusialski.pl\/?s={search_term_string}"},"query-input":"required name=search_term_string"}],"inLanguage":"pl-PL"},{"@type":"ImageObject","@id":"https:\/\/kancelariamusialski.pl\/index.php\/kontakt\/#primaryimage","inLanguage":"pl-PL","url":"http:\/\/kancelariamusialski.pl\/wp-content\/uploads\/2020\/11\/logopng1.png","contentUrl":"http:\/\/kancelariamusialski.pl\/wp-content\/uploads\/2020\/11\/logopng1.png"},{"@type":"WebPage","@id":"https:\/\/kancelariamusialski.pl\/index.php\/kontakt\/#webpage","url":"https:\/\/kancelariamusialski.pl\/index.php\/kontakt\/","name":"| Radca Prawny Pawe\u0142 Musialski","isPartOf":{"@id":"https:\/\/kancelariamusialski.pl\/#website"},"primaryImageOfPage":{"@id":"https:\/\/kancelariamusialski.pl\/index.php\/kontakt\/#primaryimage"},"datePublished":"2021-01-11T10:38:39+00:00","dateModified":"2021-01-11T10:57:04+00:00","breadcrumb":{"@id":"https:\/\/kancelariamusialski.pl\/index.php\/kontakt\/#breadcrumb"},"inLanguage":"pl-PL","potentialAction":[{"@type":"ReadAction","target":["https:\/\/kancelariamusialski.pl\/index.php\/kontakt\/"]}]},{"@type":"BreadcrumbList","@id":"https:\/\/kancelariamusialski.pl\/index.php\/kontakt\/#breadcrumb","itemListElement":[{"@type":"ListItem","position":1,"name":"Strona g\u0142\u00f3wna","item":"https:\/\/kancelariamusialski.pl\/"},{"@type":"ListItem","position":2,"name":""}]}]}},"_links":{"self":[{"href":"https:\/\/kancelariamusialski.pl\/index.php\/wp-json\/wp\/v2\/pages\/127","targetHints":{"allow":["GET"]}}],"collection":[{"href":"https:\/\/kancelariamusialski.pl\/index.php\/wp-json\/wp\/v2\/pages"}],"about":[{"href":"https:\/\/kancelariamusialski.pl\/index.php\/wp-json\/wp\/v2\/types\/page"}],"author":[{"embeddable":true,"href":"https:\/\/kancelariamusialski.pl\/index.php\/wp-json\/wp\/v2\/users\/1"}],"replies":[{"embeddable":true,"href":"https:\/\/kancelariamusialski.pl\/index.php\/wp-json\/wp\/v2\/comments?post=127"}],"version-history":[{"count":13,"href":"https:\/\/kancelariamusialski.pl\/index.php\/wp-json\/wp\/v2\/pages\/127\/revisions"}],"predecessor-version":[{"id":249,"href":"https:\/\/kancelariamusialski.pl\/index.php\/wp-json\/wp\/v2\/pages\/127\/revisions\/249"}],"wp:attachment":[{"href":"https:\/\/kancelariamusialski.pl\/index.php\/wp-json\/wp\/v2\/media?parent=127"}],"curies":[{"name":"wp","href":"https:\/\/api.w.org\/{rel}","templated":true}]}}